{"id":1523,"date":"2023-03-22T14:59:15","date_gmt":"2023-03-22T14:59:15","guid":{"rendered":"https:\/\/aedev.teesalonkisylvia.fi\/?page_id=1523"},"modified":"2024-02-06T11:52:44","modified_gmt":"2024-02-06T11:52:44","slug":"arktista-luontoa-aistien","status":"publish","type":"page","link":"https:\/\/aedev.teesalonkisylvia.fi\/en\/arktista-luontoa-aistien","title":{"rendered":"arktista-luontoa-aistien"},"content":{"rendered":"<div data-elementor-type=\"wp-page\" data-elementor-id=\"1523\" class=\"elementor elementor-1523\">\n\t\t\t\t\t\t<section class=\"elementor-section elementor-top-section elementor-element elementor-element-59e83bd0 elementor-section-full_width elementor-section-height-min-height elementor-section-stretched elementor-section-height-default elementor-section-items-middle\" data-id=\"59e83bd0\" data-element_type=\"section\" data-settings=\"{&quot;background_background&quot;:&quot;classic&quot;,&quot;stretch_section&quot;:&quot;section-stretched&quot;}\">\n\t\t\t\t\t\t<div class=\"elementor-container elementor-column-gap-default\">\n\t\t\t\t\t<div class=\"elementor-column elementor-col-100 elementor-top-column elementor-element elementor-element-12513ff3\" data-id=\"12513ff3\" data-element_type=\"column\" data-settings=\"{&quot;background_background&quot;:&quot;classic&quot;}\">\n\t\t\t<div class=\"elementor-widget-wrap elementor-element-populated\">\n\t\t\t\t\t\t<div class=\"elementor-element elementor-element-122860b elementor-widget elementor-widget-heading\" data-id=\"122860b\" data-element_type=\"widget\" data-widget_type=\"heading.default\">\n\t\t\t\t<div class=\"elementor-widget-container\">\n\t\t\t<style>\/*! elementor - v3.23.0 - 05-08-2024 *\/\n.elementor-heading-title{padding:0;margin:0;line-height:1}.elementor-widget-heading .elementor-heading-title[class*=elementor-size-]>a{color:inherit;font-size:inherit;line-height:inherit}.elementor-widget-heading .elementor-heading-title.elementor-size-small{font-size:15px}.elementor-widget-heading .elementor-heading-title.elementor-size-medium{font-size:19px}.elementor-widget-heading .elementor-heading-title.elementor-size-large{font-size:29px}.elementor-widget-heading .elementor-heading-title.elementor-size-xl{font-size:39px}.elementor-widget-heading .elementor-heading-title.elementor-size-xxl{font-size:59px}<\/style><h2 class=\"elementor-heading-title elementor-size-default\"><i>Arktista luontoa aistien<\/i><\/h2>\t\t<\/div>\n\t\t\t\t<\/div>\n\t\t\t\t<div class=\"elementor-element elementor-element-74e5f5d2 elementor-widget elementor-widget-text-editor\" data-id=\"74e5f5d2\" data-element_type=\"widget\" data-widget_type=\"text-editor.default\">\n\t\t\t\t<div class=\"elementor-widget-container\">\n\t\t\t<style>\/*! elementor - v3.23.0 - 05-08-2024 *\/\n.elementor-widget-text-editor.elementor-drop-cap-view-stacked .elementor-drop-cap{background-color:#69727d;color:#fff}.elementor-widget-text-editor.elementor-drop-cap-view-framed .elementor-drop-cap{color:#69727d;border:3px solid;background-color:transparent}.elementor-widget-text-editor:not(.elementor-drop-cap-view-default) .elementor-drop-cap{margin-top:8px}.elementor-widget-text-editor:not(.elementor-drop-cap-view-default) .elementor-drop-cap-letter{width:1em;height:1em}.elementor-widget-text-editor .elementor-drop-cap{float:left;text-align:center;line-height:1;font-size:50px}.elementor-widget-text-editor .elementor-drop-cap-letter{display:inline-block}<\/style>\t\t\t\t<p>Kulje silm\u00e4t ja korvat avoinna. Kuule ja kuuntele. Tunne tuuli ihollasi, sadepisarat poskillasi. Upota paljaat varpaasi sammaliin, anna k\u00e4tesi sivell\u00e4 kallion karheaa pintaa. Maista mets\u00e4n maut ja erota sen tuhannet tuoksut. Hengit\u00e4 syv\u00e4\u00e4n maailman puhtainta ilmaa. Hengit\u00e4 ja huomaat, ett\u00e4 olet t\u00e4ss\u00e4.<\/p>\t\t\t\t\t\t<\/div>\n\t\t\t\t<\/div>\n\t\t\t\t\t<\/div>\n\t\t<\/div>\n\t\t\t\t\t<\/div>\n\t\t<\/section>\n\t\t\t\t<section class=\"elementor-section elementor-top-section elementor-element elementor-element-53ab066 elementor-section-boxed elementor-section-height-default elementor-section-height-default\" data-id=\"53ab066\" data-element_type=\"section\">\n\t\t\t\t\t\t<div class=\"elementor-container elementor-column-gap-default\">\n\t\t\t\t\t<div class=\"elementor-column elementor-col-100 elementor-top-column elementor-element elementor-element-54e3169\" data-id=\"54e3169\" data-element_type=\"column\">\n\t\t\t<div class=\"elementor-widget-wrap elementor-element-populated\">\n\t\t\t\t\t\t<div class=\"elementor-element elementor-element-57a6d75 elementor-widget elementor-widget-spacer\" data-id=\"57a6d75\" data-element_type=\"widget\" data-widget_type=\"spacer.default\">\n\t\t\t\t<div class=\"elementor-widget-container\">\n\t\t\t<style>\/*! elementor - v3.23.0 - 05-08-2024 *\/\n.elementor-column .elementor-spacer-inner{height:var(--spacer-size)}.e-con{--container-widget-width:100%}.e-con-inner>.elementor-widget-spacer,.e-con>.elementor-widget-spacer{width:var(--container-widget-width,var(--spacer-size));--align-self:var(--container-widget-align-self,initial);--flex-shrink:0}.e-con-inner>.elementor-widget-spacer>.elementor-widget-container,.e-con>.elementor-widget-spacer>.elementor-widget-container{height:100%;width:100%}.e-con-inner>.elementor-widget-spacer>.elementor-widget-container>.elementor-spacer,.e-con>.elementor-widget-spacer>.elementor-widget-container>.elementor-spacer{height:100%}.e-con-inner>.elementor-widget-spacer>.elementor-widget-container>.elementor-spacer>.elementor-spacer-inner,.e-con>.elementor-widget-spacer>.elementor-widget-container>.elementor-spacer>.elementor-spacer-inner{height:var(--container-widget-height,var(--spacer-size))}.e-con-inner>.elementor-widget-spacer.elementor-widget-empty,.e-con>.elementor-widget-spacer.elementor-widget-empty{position:relative;min-height:22px;min-width:22px}.e-con-inner>.elementor-widget-spacer.elementor-widget-empty .elementor-widget-empty-icon,.e-con>.elementor-widget-spacer.elementor-widget-empty .elementor-widget-empty-icon{position:absolute;top:0;bottom:0;left:0;right:0;margin:auto;padding:0;width:22px;height:22px}<\/style>\t\t<div class=\"elementor-spacer\">\n\t\t\t<div class=\"elementor-spacer-inner\"><\/div>\n\t\t<\/div>\n\t\t\t\t<\/div>\n\t\t\t\t<\/div>\n\t\t\t\t\t<\/div>\n\t\t<\/div>\n\t\t\t\t\t<\/div>\n\t\t<\/section>\n\t\t\t\t<section class=\"elementor-section elementor-top-section elementor-element elementor-element-3964716f elementor-section-boxed elementor-section-height-default elementor-section-height-default\" data-id=\"3964716f\" data-element_type=\"section\">\n\t\t\t\t\t\t<div class=\"elementor-container elementor-column-gap-default\">\n\t\t\t\t\t<div class=\"elementor-column elementor-col-100 elementor-top-column elementor-element elementor-element-2a641f6f\" data-id=\"2a641f6f\" data-element_type=\"column\">\n\t\t\t<div class=\"elementor-widget-wrap elementor-element-populated\">\n\t\t\t\t\t\t<div class=\"elementor-element elementor-element-17f664ad elementor-widget elementor-widget-text-editor\" data-id=\"17f664ad\" data-element_type=\"widget\" data-widget_type=\"text-editor.default\">\n\t\t\t\t<div class=\"elementor-widget-container\">\n\t\t\t\t\t\t\t<p>T\u00e4ll\u00e4 retkell\u00e4 kuljet kanssamme aistit avoinna Lapin luonnossa. Virkist\u00e4ydyt mets\u00e4n siimeksess\u00e4 miss\u00e4 luonnon tuoksut ja \u00e4\u00e4net lumoavat ja viev\u00e4t huomiosi. Matkalla teemme <em>mindfullness-tyyppisi\u00e4 Mets\u00e4mieli-l\u00e4sn\u00e4oloharjoituksia<\/em> sek\u00e4 n\u00e4emme, tunnemme ja koemme luonnon monipuolisuuden ja sen hyv\u00e4\u00e4 tekev\u00e4n voiman.\u00a0<\/p><p>Noudamme sinut l\u00e4ht\u00f6paikastasi ja ajamme autolla n. 25-45 min matkan luontokohteeseemme. Perill\u00e4 varustamme reput ja l\u00e4hdemme patikoiden mets\u00e4poluille. Reitti kulkee alavilla mailla etup\u00e4\u00e4ss\u00e4 valmiita polkuja mutta vaatii osallistujilta normaalin k\u00e4velykunnon. Lopuksi nautimme tulilla pikkupurtavaa ja keskustelemme kokemuksistamme turvallisessa ja hyv\u00e4ksyv\u00e4ss\u00e4 ilmapiiriss\u00e4.<\/p><div class=\"info-row\"><p><strong><label>Hinta:<\/label><\/strong><\/p><div class=\"info-row-content\"><p>90 \u20ac \/ hl\u00f6. V\u00e4hint\u00e4\u00e4n 4, enint\u00e4\u00e4n 8 osallistujaa.<\/p><\/div><\/div><div>\u00a0<\/div><div class=\"info-row\"><p><strong><label>Sis\u00e4lt\u00e4\u00e4:<\/label><\/strong><\/p><div class=\"info-row-content\"><p>Kuljetukset, retkiev\u00e4\u00e4n ja sadeviitan.<\/p><\/div><\/div><div>\u00a0<\/div><div class=\"info-row\"><p><strong><label>Kesto:<\/label><\/strong><\/p><div class=\"info-row-content\"><p>4,5 h (sis. matkat 2 x n.30 min.)<\/p><\/div><\/div><div>\u00a0<\/div><div class=\"info-row\"><p><strong><label>Huomioitavaa:<\/label><\/strong><\/p><div class=\"info-row-content\"><p>Perusk\u00e4velykunto, reitin pituus n. 2 km.<br \/>Soveltuu yli 12-vuotiaille.<\/p><\/div><\/div><div class=\"info-row\"><p>\u00a0<\/p><p><strong><label>Saatavilla:<\/label><\/strong><\/p><div class=\"info-row-content\"><p>1.5.-31.9.2022 Rovaniemelt\u00e4<\/p><\/div><\/div><div>\u00a0<\/div><div class=\"info-row\"><p><strong><label>Varaukset:<\/label><\/strong><\/p><div class=\"info-row-content\"><p>Varaa retkesi alla s\u00e4hk\u00f6postilla tai puhelimitse.<\/p><\/div><\/div><div class=\"info-row\"><div class=\"info-row-content\"><p><a href=\"https:\/\/arcticemotions.com\/fi\/hyva-tietaa\" target=\"_blank\" rel=\"noopener\">Lue lis\u00e4\u00e4<\/a> palvelustamme, olosuhteista, varustautumisesta ja myyntiehdoista t\u00e4\u00e4lt\u00e4.<\/p><\/div><\/div><div class=\"info-row\"><p><label>Tietoturvaseloste:<\/label><\/p><div class=\"info-row-content\"><p>Lue seloste<a class=\"file ext-pdf\" title=\"tietosuojaseloste.pdf\" href=\"https:\/\/arcticemotions.com\/index.php\/download_file\/view\/170\/138\/\"> t\u00e4\u00e4lt\u00e4.<\/a><\/p><\/div><\/div>\t\t\t\t\t\t<\/div>\n\t\t\t\t<\/div>\n\t\t\t\t\t<\/div>\n\t\t<\/div>\n\t\t\t\t\t<\/div>\n\t\t<\/section>\n\t\t\t\t<section class=\"elementor-section elementor-top-section elementor-element elementor-element-32eca35 elementor-section-boxed elementor-section-height-default elementor-section-height-default\" data-id=\"32eca35\" data-element_type=\"section\">\n\t\t\t\t\t\t<div class=\"elementor-container elementor-column-gap-default\">\n\t\t\t\t\t<div class=\"elementor-column elementor-col-100 elementor-top-column elementor-element elementor-element-6b0ff93b\" data-id=\"6b0ff93b\" data-element_type=\"column\">\n\t\t\t<div class=\"elementor-widget-wrap elementor-element-populated\">\n\t\t\t\t\t\t<div class=\"elementor-element elementor-element-a84d35 elementor-widget elementor-widget-spacer\" data-id=\"a84d35\" data-element_type=\"widget\" data-widget_type=\"spacer.default\">\n\t\t\t\t<div class=\"elementor-widget-container\">\n\t\t\t\t\t<div class=\"elementor-spacer\">\n\t\t\t<div class=\"elementor-spacer-inner\"><\/div>\n\t\t<\/div>\n\t\t\t\t<\/div>\n\t\t\t\t<\/div>\n\t\t\t\t\t<\/div>\n\t\t<\/div>\n\t\t\t\t\t<\/div>\n\t\t<\/section>\n\t\t\t\t<section class=\"elementor-section elementor-top-section elementor-element elementor-element-7456b5b4 elementor-section-boxed elementor-section-height-default elementor-section-height-default\" data-id=\"7456b5b4\" data-element_type=\"section\">\n\t\t\t\t\t\t<div class=\"elementor-container elementor-column-gap-default\">\n\t\t\t\t\t<div class=\"elementor-column elementor-col-100 elementor-top-column elementor-element elementor-element-3ada806d\" data-id=\"3ada806d\" data-element_type=\"column\">\n\t\t\t<div class=\"elementor-widget-wrap elementor-element-populated\">\n\t\t\t\t\t\t<div class=\"elementor-element elementor-element-5ddbd531 elementor-widget elementor-widget-text-editor\" data-id=\"5ddbd531\" data-element_type=\"widget\" data-widget_type=\"text-editor.default\">\n\t\t\t\t<div class=\"elementor-widget-container\">\n\t\t\t\t\t\t\t<p>Arctic Emotions Oy<br \/>Vaarakoskentie 65<br \/>95340 Loue, Tervola<br \/>info (at) arcticemotions.com<\/p><p>\u00a0<\/p><p><strong>S\u00e4hk\u00f6posti:<\/strong><br \/>first name (at) arcticemotions.com<\/p><p>\u00a0<\/p><p><strong>Elina Miettunen<\/strong><br \/>+358 (0)44 2388 977<\/p><p>\u00a0<\/p><p><strong>Pauliina Myllyl\u00e4<\/strong><br \/>+358 (0)44 2389 000<\/p>\t\t\t\t\t\t<\/div>\n\t\t\t\t<\/div>\n\t\t\t\t\t<\/div>\n\t\t<\/div>\n\t\t\t\t\t<\/div>\n\t\t<\/section>\n\t\t\t\t<section class=\"elementor-section elementor-top-section elementor-element elementor-element-422eb93 elementor-section-full_width elementor-section-height-default elementor-section-height-default\" data-id=\"422eb93\" data-element_type=\"section\">\n\t\t\t\t\t\t<div class=\"elementor-container elementor-column-gap-no\">\n\t\t\t\t\t<div class=\"elementor-column elementor-col-100 elementor-top-column elementor-element elementor-element-53d6698b\" data-id=\"53d6698b\" data-element_type=\"column\">\n\t\t\t<div class=\"elementor-widget-wrap elementor-element-populated\">\n\t\t\t\t\t\t<div class=\"elementor-element elementor-element-4d23138f elementor-widget elementor-widget-google_maps\" data-id=\"4d23138f\" data-element_type=\"widget\" data-widget_type=\"google_maps.default\">\n\t\t\t\t<div class=\"elementor-widget-container\">\n\t\t\t<style>\/*! elementor - v3.23.0 - 05-08-2024 *\/\n.elementor-widget-google_maps .elementor-widget-container{overflow:hidden}.elementor-widget-google_maps .elementor-custom-embed{line-height:0}.elementor-widget-google_maps iframe{height:300px}<\/style>\t\t<div class=\"elementor-custom-embed\">\n\t\t\t<iframe loading=\"lazy\"\n\t\t\t\t\tsrc=\"https:\/\/maps.google.com\/maps?q=vaarakoskentie%2065%20loue&#038;t=m&#038;z=15&#038;output=embed&#038;iwloc=near\"\n\t\t\t\t\ttitle=\"vaarakoskentie 65 loue\"\n\t\t\t\t\taria-label=\"vaarakoskentie 65 loue\"\n\t\t\t><\/iframe>\n\t\t<\/div>\n\t\t\t\t<\/div>\n\t\t\t\t<\/div>\n\t\t\t\t\t<\/div>\n\t\t<\/div>\n\t\t\t\t\t<\/div>\n\t\t<\/section>\n\t\t\t\t<\/div>","protected":false},"excerpt":{"rendered":"<p>Arktista luontoa aistien Kulje silm\u00e4t ja korvat avoinna. Kuule ja kuuntele. Tunne tuuli ihollasi, sadepisarat poskillasi. Upota paljaat varpaasi sammaliin, anna k\u00e4tesi sivell\u00e4 kallion karheaa pintaa. Maista mets\u00e4n maut ja erota sen tuhannet tuoksut. Hengit\u00e4 syv\u00e4\u00e4n maailman puhtainta ilmaa. Hengit\u00e4 ja huomaat, ett\u00e4 olet t\u00e4ss\u00e4. T\u00e4ll\u00e4 retkell\u00e4 kuljet kanssamme aistit avoinna Lapin luonnossa. Virkist\u00e4ydyt mets\u00e4n [&hellip;]<\/p>","protected":false},"author":1,"featured_media":0,"parent":0,"menu_order":0,"comment_status":"closed","ping_status":"closed","template":"","meta":{"site-sidebar-layout":"no-sidebar","site-content-layout":"page-builder","ast-site-content-layout":"","site-content-style":"default","site-sidebar-style":"default","ast-global-header-display":"","ast-banner-title-visibility":"","ast-main-header-display":"","ast-hfb-above-header-display":"","ast-hfb-below-header-display":"","ast-hfb-mobile-header-display":"","site-post-title":"disabled","ast-breadcrumbs-content":"","ast-featured-img":"disabled","footer-sml-layout":"","theme-transparent-header-meta":"","adv-header-id-meta":"","stick-header-meta":"","header-above-stick-meta":"","header-main-stick-meta":"","header-below-stick-meta":"","astra-migrate-meta-layouts":"default","ast-page-background-enabled":"default","ast-page-background-meta":{"desktop":{"background-color":"var(--ast-global-color-4)","background-image":"","background-repeat":"repeat","background-position":"center center","background-size":"auto","background-attachment":"scroll","background-type":"","background-media":"","overlay-type":"","overlay-color":"","overlay-gradient":""},"tablet":{"background-color":"","background-image":"","background-repeat":"repeat","background-position":"center center","background-size":"auto","background-attachment":"scroll","background-type":"","background-media":"","overlay-type":"","overlay-color":"","overlay-gradient":""},"mobile":{"background-color":"","background-image":"","background-repeat":"repeat","background-position":"center center","background-size":"auto","background-attachment":"scroll","background-type":"","background-media":"","overlay-type":"","overlay-color":"","overlay-gradient":""}},"ast-content-background-meta":{"desktop":{"background-color":"var(--ast-global-color-5)","background-image":"","background-repeat":"repeat","background-position":"center center","background-size":"auto","background-attachment":"scroll","background-type":"","background-media":"","overlay-type":"","overlay-color":"","overlay-gradient":""},"tablet":{"background-color":"var(--ast-global-color-5)","background-image":"","background-repeat":"repeat","background-position":"center center","background-size":"auto","background-attachment":"scroll","background-type":"","background-media":"","overlay-type":"","overlay-color":"","overlay-gradient":""},"mobile":{"background-color":"var(--ast-global-color-5)","background-image":"","background-repeat":"repeat","background-position":"center center","background-size":"auto","background-attachment":"scroll","background-type":"","background-media":"","overlay-type":"","overlay-color":"","overlay-gradient":""}},"footnotes":""},"class_list":["post-1523","page","type-page","status-publish","hentry"],"yoast_head":"<!-- This site is optimized with the Yoast SEO plugin v23.2 - https:\/\/yoast.com\/wordpress\/plugins\/seo\/ -->\n<title>arktista-luontoa-aistien - Arctic Emotions<\/title>\n<meta name=\"robots\" content=\"index, follow, max-snippet:-1, max-image-preview:large, max-video-preview:-1\" \/>\n<link rel=\"canonical\" href=\"https:\/\/aedev.teesalonkisylvia.fi\/en\/arktista-luontoa-aistien\/\" \/>\n<meta property=\"og:locale\" content=\"en_GB\" \/>\n<meta property=\"og:type\" content=\"article\" \/>\n<meta property=\"og:title\" content=\"arktista-luontoa-aistien - Arctic Emotions\" \/>\n<meta property=\"og:description\" content=\"Arktista luontoa aistien Kulje silm\u00e4t ja korvat avoinna. Kuule ja kuuntele. Tunne tuuli ihollasi, sadepisarat poskillasi. Upota paljaat varpaasi sammaliin, anna k\u00e4tesi sivell\u00e4 kallion karheaa pintaa. Maista mets\u00e4n maut ja erota sen tuhannet tuoksut. Hengit\u00e4 syv\u00e4\u00e4n maailman puhtainta ilmaa. Hengit\u00e4 ja huomaat, ett\u00e4 olet t\u00e4ss\u00e4. T\u00e4ll\u00e4 retkell\u00e4 kuljet kanssamme aistit avoinna Lapin luonnossa. Virkist\u00e4ydyt mets\u00e4n [&hellip;]\" \/>\n<meta property=\"og:url\" content=\"https:\/\/aedev.teesalonkisylvia.fi\/en\/arktista-luontoa-aistien\/\" \/>\n<meta property=\"og:site_name\" content=\"Arctic Emotions\" \/>\n<meta property=\"article:modified_time\" content=\"2024-02-06T11:52:44+00:00\" \/>\n<meta name=\"twitter:card\" content=\"summary_large_image\" \/>\n<meta name=\"twitter:label1\" content=\"Estimated reading time\" \/>\n\t<meta name=\"twitter:data1\" content=\"2 minutes\" \/>\n<script type=\"application\/ld+json\" class=\"yoast-schema-graph\">{\"@context\":\"https:\/\/schema.org\",\"@graph\":[{\"@type\":\"WebPage\",\"@id\":\"https:\/\/aedev.teesalonkisylvia.fi\/arktista-luontoa-aistien\",\"url\":\"https:\/\/aedev.teesalonkisylvia.fi\/arktista-luontoa-aistien\",\"name\":\"arktista-luontoa-aistien - Arctic Emotions\",\"isPartOf\":{\"@id\":\"https:\/\/aedev.teesalonkisylvia.fi\/#website\"},\"datePublished\":\"2023-03-22T14:59:15+00:00\",\"dateModified\":\"2024-02-06T11:52:44+00:00\",\"breadcrumb\":{\"@id\":\"https:\/\/aedev.teesalonkisylvia.fi\/arktista-luontoa-aistien#breadcrumb\"},\"inLanguage\":\"en-GB\",\"potentialAction\":[{\"@type\":\"ReadAction\",\"target\":[\"https:\/\/aedev.teesalonkisylvia.fi\/arktista-luontoa-aistien\"]}]},{\"@type\":\"BreadcrumbList\",\"@id\":\"https:\/\/aedev.teesalonkisylvia.fi\/arktista-luontoa-aistien#breadcrumb\",\"itemListElement\":[{\"@type\":\"ListItem\",\"position\":1,\"name\":\"Etusivu\",\"item\":\"https:\/\/aedev.teesalonkisylvia.fi\/\"},{\"@type\":\"ListItem\",\"position\":2,\"name\":\"arktista-luontoa-aistien\"}]},{\"@type\":\"WebSite\",\"@id\":\"https:\/\/aedev.teesalonkisylvia.fi\/#website\",\"url\":\"https:\/\/aedev.teesalonkisylvia.fi\/\",\"name\":\"Arctic Emotions\",\"description\":\"\",\"publisher\":{\"@id\":\"https:\/\/aedev.teesalonkisylvia.fi\/#organization\"},\"potentialAction\":[{\"@type\":\"SearchAction\",\"target\":{\"@type\":\"EntryPoint\",\"urlTemplate\":\"https:\/\/aedev.teesalonkisylvia.fi\/?s={search_term_string}\"},\"query-input\":\"required name=search_term_string\"}],\"inLanguage\":\"en-GB\"},{\"@type\":\"Organization\",\"@id\":\"https:\/\/aedev.teesalonkisylvia.fi\/#organization\",\"name\":\"Arctic Emotions\",\"url\":\"https:\/\/aedev.teesalonkisylvia.fi\/\",\"logo\":{\"@type\":\"ImageObject\",\"inLanguage\":\"en-GB\",\"@id\":\"https:\/\/aedev.teesalonkisylvia.fi\/#\/schema\/logo\/image\/\",\"url\":\"https:\/\/aedev.teesalonkisylvia.fi\/wp-content\/uploads\/2023\/03\/cropped-cropped-cropped-arctic-emotions-logo-e1680251938161-1.png\",\"contentUrl\":\"https:\/\/aedev.teesalonkisylvia.fi\/wp-content\/uploads\/2023\/03\/cropped-cropped-cropped-arctic-emotions-logo-e1680251938161-1.png\",\"width\":512,\"height\":480,\"caption\":\"Arctic Emotions\"},\"image\":{\"@id\":\"https:\/\/aedev.teesalonkisylvia.fi\/#\/schema\/logo\/image\/\"}}]}<\/script>\n<!-- \/ Yoast SEO plugin. -->","yoast_head_json":{"title":"arktista-luontoa-aistien - Arctic Emotions","robots":{"index":"index","follow":"follow","max-snippet":"max-snippet:-1","max-image-preview":"max-image-preview:large","max-video-preview":"max-video-preview:-1"},"canonical":"https:\/\/aedev.teesalonkisylvia.fi\/en\/arktista-luontoa-aistien\/","og_locale":"en_GB","og_type":"article","og_title":"arktista-luontoa-aistien - Arctic Emotions","og_description":"Arktista luontoa aistien Kulje silm\u00e4t ja korvat avoinna. Kuule ja kuuntele. Tunne tuuli ihollasi, sadepisarat poskillasi. Upota paljaat varpaasi sammaliin, anna k\u00e4tesi sivell\u00e4 kallion karheaa pintaa. Maista mets\u00e4n maut ja erota sen tuhannet tuoksut. Hengit\u00e4 syv\u00e4\u00e4n maailman puhtainta ilmaa. Hengit\u00e4 ja huomaat, ett\u00e4 olet t\u00e4ss\u00e4. T\u00e4ll\u00e4 retkell\u00e4 kuljet kanssamme aistit avoinna Lapin luonnossa. Virkist\u00e4ydyt mets\u00e4n [&hellip;]","og_url":"https:\/\/aedev.teesalonkisylvia.fi\/en\/arktista-luontoa-aistien\/","og_site_name":"Arctic Emotions","article_modified_time":"2024-02-06T11:52:44+00:00","twitter_card":"summary_large_image","twitter_misc":{"Estimated reading time":"2 minutes"},"schema":{"@context":"https:\/\/schema.org","@graph":[{"@type":"WebPage","@id":"https:\/\/aedev.teesalonkisylvia.fi\/arktista-luontoa-aistien","url":"https:\/\/aedev.teesalonkisylvia.fi\/arktista-luontoa-aistien","name":"arktista-luontoa-aistien - Arctic Emotions","isPartOf":{"@id":"https:\/\/aedev.teesalonkisylvia.fi\/#website"},"datePublished":"2023-03-22T14:59:15+00:00","dateModified":"2024-02-06T11:52:44+00:00","breadcrumb":{"@id":"https:\/\/aedev.teesalonkisylvia.fi\/arktista-luontoa-aistien#breadcrumb"},"inLanguage":"en-GB","potentialAction":[{"@type":"ReadAction","target":["https:\/\/aedev.teesalonkisylvia.fi\/arktista-luontoa-aistien"]}]},{"@type":"BreadcrumbList","@id":"https:\/\/aedev.teesalonkisylvia.fi\/arktista-luontoa-aistien#breadcrumb","itemListElement":[{"@type":"ListItem","position":1,"name":"Etusivu","item":"https:\/\/aedev.teesalonkisylvia.fi\/"},{"@type":"ListItem","position":2,"name":"arktista-luontoa-aistien"}]},{"@type":"WebSite","@id":"https:\/\/aedev.teesalonkisylvia.fi\/#website","url":"https:\/\/aedev.teesalonkisylvia.fi\/","name":"Arctic Emotions","description":"","publisher":{"@id":"https:\/\/aedev.teesalonkisylvia.fi\/#organization"},"potentialAction":[{"@type":"SearchAction","target":{"@type":"EntryPoint","urlTemplate":"https:\/\/aedev.teesalonkisylvia.fi\/?s={search_term_string}"},"query-input":"required name=search_term_string"}],"inLanguage":"en-GB"},{"@type":"Organization","@id":"https:\/\/aedev.teesalonkisylvia.fi\/#organization","name":"Arctic Emotions","url":"https:\/\/aedev.teesalonkisylvia.fi\/","logo":{"@type":"ImageObject","inLanguage":"en-GB","@id":"https:\/\/aedev.teesalonkisylvia.fi\/#\/schema\/logo\/image\/","url":"https:\/\/aedev.teesalonkisylvia.fi\/wp-content\/uploads\/2023\/03\/cropped-cropped-cropped-arctic-emotions-logo-e1680251938161-1.png","contentUrl":"https:\/\/aedev.teesalonkisylvia.fi\/wp-content\/uploads\/2023\/03\/cropped-cropped-cropped-arctic-emotions-logo-e1680251938161-1.png","width":512,"height":480,"caption":"Arctic Emotions"},"image":{"@id":"https:\/\/aedev.teesalonkisylvia.fi\/#\/schema\/logo\/image\/"}}]}},"_links":{"self":[{"href":"https:\/\/aedev.teesalonkisylvia.fi\/en\/wp-json\/wp\/v2\/pages\/1523","targetHints":{"allow":["GET"]}}],"collection":[{"href":"https:\/\/aedev.teesalonkisylvia.fi\/en\/wp-json\/wp\/v2\/pages"}],"about":[{"href":"https:\/\/aedev.teesalonkisylvia.fi\/en\/wp-json\/wp\/v2\/types\/page"}],"author":[{"embeddable":true,"href":"https:\/\/aedev.teesalonkisylvia.fi\/en\/wp-json\/wp\/v2\/users\/1"}],"replies":[{"embeddable":true,"href":"https:\/\/aedev.teesalonkisylvia.fi\/en\/wp-json\/wp\/v2\/comments?post=1523"}],"version-history":[{"count":37,"href":"https:\/\/aedev.teesalonkisylvia.fi\/en\/wp-json\/wp\/v2\/pages\/1523\/revisions"}],"predecessor-version":[{"id":2656,"href":"https:\/\/aedev.teesalonkisylvia.fi\/en\/wp-json\/wp\/v2\/pages\/1523\/revisions\/2656"}],"wp:attachment":[{"href":"https:\/\/aedev.teesalonkisylvia.fi\/en\/wp-json\/wp\/v2\/media?parent=1523"}],"curies":[{"name":"wp","href":"https:\/\/api.w.org\/{rel}","templated":true}]}}